{"id":111,"date":"2021-09-15T17:14:49","date_gmt":"2021-09-15T15:14:49","guid":{"rendered":"https:\/\/schillbach.de\/?page_id=111"},"modified":"2021-09-15T17:16:40","modified_gmt":"2021-09-15T15:16:40","slug":"home-2","status":"publish","type":"page","link":"https:\/\/schillbach.de\/?page_id=111","title":{"rendered":"Home 2"},"content":{"rendered":"<p>[et_pb_section fb_built=&#8220;1&#8243; _builder_version=&#8220;4.9.2&#8243; _module_preset=&#8220;default&#8220; hover_enabled=&#8220;0&#8243; sticky_enabled=&#8220;0&#8243;][et_pb_row _builder_version=&#8220;4.9.2&#8243; _module_preset=&#8220;default&#8220; hover_enabled=&#8220;0&#8243; sticky_enabled=&#8220;0&#8243;][et_pb_column type=&#8220;4_4&#8243; _builder_version=&#8220;4.9.2&#8243; _module_preset=&#8220;default&#8220;][et_pb_gallery gallery_ids=&#8220;11,37,26,28,29,30,32&#8243; fullwidth=&#8220;on&#8220; _builder_version=&#8220;4.9.2&#8243; _module_preset=&#8220;default&#8220; animation_style=&#8220;slide&#8220; animation_duration=&#8220;800ms&#8220; auto=&#8220;on&#8220; border_radii=&#8220;on|20px|20px|20px|20px&#8220;][\/et_pb_gallery][\/et_pb_column][\/et_pb_row][\/et_pb_section][et_pb_section fb_built=&#8220;1&#8243; _builder_version=&#8220;4.9.2&#8243; _module_preset=&#8220;default&#8220;][et_pb_row column_structure=&#8220;3_5,2_5&#8243; _builder_version=&#8220;4.9.2&#8243; _module_preset=&#8220;default&#8220;][et_pb_column type=&#8220;3_5&#8243; _builder_version=&#8220;4.9.2&#8243; _module_preset=&#8220;default&#8220;][et_pb_text _builder_version=&#8220;4.9.2&#8243; _module_preset=&#8220;default&#8220;]<\/p>\n<h1 class=\"csc-firstHeader\"><strong>Herzlich willkommen<\/strong><\/h1>\n<p>&nbsp;<\/p>\n<p>Wir bieten Ihnen <strong>Fliegengitter<\/strong> f\u00fcr Fenster und T\u00fcren, <strong>Kellerschachtabdeckungen, Kellerrostsicherungen und Plissees<\/strong>.<\/p>\n<p>Als Ihr regionaler Fachh\u00e4ndler im Bereich <strong>Insektenschutz, Sonnenschutz und Sichtschutz<\/strong> hei\u00dfen wir Sie aus <strong>K\u00fcrten, Burscheid, Wermelskirchen, Radevormwald, H\u00fcckeswagen, Wipperf\u00fcrth, Marienheide, Lindlar, Gummersbach, Engelskirchen, Wiehl, Overath, R\u00f6srath, K\u00f6ln, Bergisch Gladbach und Odenthal <\/strong>herzlich willkommen.<\/p>\n<p>Wir haben f\u00fcr Sie ein Sortiment zusammengestellt, dass alle Ihre Probleme rund um st\u00f6rende Einfl\u00fcsse durch <strong>Insekten <\/strong>oder <strong>Sonneneinstrahlung<\/strong> abdeckt.<\/p>\n<p>Es umfa\u00dft den kompletten Schutz Ihrer Fenster und T\u00fcren.<\/p>\n<p><strong>So k\u00f6nnen Sie Ihr Leben unbeschwerter genie\u00dfen!<\/strong><\/p>\n<p>Da wir besonderen Wert auf die <strong>pers\u00f6nliche Beratung<\/strong> vor Ort legen,<strong> betreuen wir\u00a0SIE individuell<\/strong> und pers\u00f6nlich vom Aufma\u00df bis hin zur Montage.<\/p>\n<p>Wir bieten Ihnen:<\/p>\n<p>&#8211; <strong>Insektenschutzgitter<\/strong> f\u00fcr Fenster und T\u00fcren,\u00a0zuz\u00fcgl. Kellerschachtabdeckungen. Auch mit Sondergewebe gegen Pollen.<\/p>\n<p>&#8211; <strong>Sicht- und Sonnenschutz <\/strong>in einer <strong>riesigen Auswahl<\/strong> an Stoff- und Farbm\u00f6glichkeiten, als Plissees.<\/p>\n<p>Und das alles ganz <strong>nach IHREN W\u00fcnschen<\/strong>.<\/p>\n<p>Fragen Sie uns nach Sonderl\u00f6sungen. Wir beraten Sie gerne!<\/p>\n<p><strong>SCHILLBACH Insekten- und Sonnenschutz<\/strong><\/p>\n<p>&nbsp;<\/p>\n<p>&nbsp;<\/p>\n<p>[\/et_pb_text][\/et_pb_column][et_pb_column type=&#8220;2_5&#8243; _builder_version=&#8220;4.9.2&#8243; _module_preset=&#8220;default&#8220;][et_pb_image src=&#8220;https:\/\/schillbach.de\/wp-content\/uploads\/2021\/03\/IS_Spannrahmen_02.jpg&#8220; title_text=&#8220;IS_Spannrahmen_02&#8243; align=&#8220;center&#8220; _builder_version=&#8220;4.9.2&#8243; _module_preset=&#8220;default&#8220; border_radii=&#8220;on|20px|20px|20px|20px&#8220; box_shadow_style=&#8220;preset2&#8243;][\/et_pb_image][et_pb_image src=&#8220;https:\/\/schillbach.de\/wp-content\/uploads\/2021\/03\/531c56c5ab.jpg&#8220; title_text=&#8220;531c56c5ab&#8220; align=&#8220;center&#8220; _builder_version=&#8220;4.9.2&#8243; _module_preset=&#8220;default&#8220; border_radii=&#8220;on|20px|20px|20px|20px&#8220; box_shadow_style=&#8220;preset2&#8243;][\/et_pb_image][et_pb_image src=&#8220;https:\/\/schillbach.de\/wp-content\/uploads\/2021\/06\/Tuer.png&#8220; title_text=&#8220;T\u00fcr&#8220; align=&#8220;center&#8220; _builder_version=&#8220;4.9.2&#8243; _module_preset=&#8220;default&#8220; border_radii=&#8220;on|20px|20px|20px|20px&#8220; box_shadow_style=&#8220;preset2&#8243;][\/et_pb_image][\/et_pb_column][\/et_pb_row][\/et_pb_section]<\/p>\n","protected":false},"excerpt":{"rendered":"<p>Herzlich willkommen &nbsp; Wir bieten Ihnen Fliegengitter f\u00fcr Fenster und T\u00fcren, Kellerschachtabdeckungen, Kellerrostsicherungen und Plissees. Als Ihr regionaler Fachh\u00e4ndler im Bereich Insektenschutz, Sonnenschutz und Sichtschutz hei\u00dfen wir Sie aus K\u00fcrten, Burscheid, Wermelskirchen, Radevormwald, H\u00fcckeswagen, Wipperf\u00fcrth, Marienheide, Lindlar, Gummersbach, Engelskirchen, Wiehl, Overath, R\u00f6srath, K\u00f6ln, Bergisch Gladbach und Odenthal herzlich willkommen. Wir haben f\u00fcr Sie ein Sortiment [&hellip;]<\/p>\n","protected":false},"author":1,"featured_media":0,"parent":0,"menu_order":0,"comment_status":"closed","ping_status":"closed","template":"","meta":{"_et_pb_use_builder":"on","_et_pb_old_content":"","_et_gb_content_width":"","footnotes":""},"class_list":["post-111","page","type-page","status-publish","hentry"],"_links":{"self":[{"href":"https:\/\/schillbach.de\/index.php?rest_route=\/wp\/v2\/pages\/111","targetHints":{"allow":["GET"]}}],"collection":[{"href":"https:\/\/schillbach.de\/index.php?rest_route=\/wp\/v2\/pages"}],"about":[{"href":"https:\/\/schillbach.de\/index.php?rest_route=\/wp\/v2\/types\/page"}],"author":[{"embeddable":true,"href":"https:\/\/schillbach.de\/index.php?rest_route=\/wp\/v2\/users\/1"}],"replies":[{"embeddable":true,"href":"https:\/\/schillbach.de\/index.php?rest_route=%2Fwp%2Fv2%2Fcomments&post=111"}],"version-history":[{"count":6,"href":"https:\/\/schillbach.de\/index.php?rest_route=\/wp\/v2\/pages\/111\/revisions"}],"predecessor-version":[{"id":119,"href":"https:\/\/schillbach.de\/index.php?rest_route=\/wp\/v2\/pages\/111\/revisions\/119"}],"wp:attachment":[{"href":"https:\/\/schillbach.de\/index.php?rest_route=%2Fwp%2Fv2%2Fmedia&parent=111"}],"curies":[{"name":"wp","href":"https:\/\/api.w.org\/{rel}","templated":true}]}}